{"id":8,"date":"2017-01-30T03:39:36","date_gmt":"2017-01-29T17:39:36","guid":{"rendered":"https:\/\/demo.themegrill.com\/flash-construction-2\/?page_id=8"},"modified":"2021-03-19T13:56:14","modified_gmt":"2021-03-19T03:56:14","slug":"about-us","status":"publish","type":"page","link":"https:\/\/vietnamcentre.org\/vi\/about-us\/","title":{"rendered":"V\u1ec1 ch\u00fang t\u00f4i"},"content":{"rendered":"<div id=\"pl-8\"  class=\"panel-layout\" ><div id=\"pg-8-0\"  class=\"panel-grid panel-has-style\" ><div class=\"panel-row-style panel-row-style-for-8-0\" ><div id=\"pgc-8-0-0\"  class=\"panel-grid-cell\" ><div id=\"panel-8-0-0-0\" class=\"so-panel widget widget_sow-editor panel-first-child\" data-index=\"0\" ><div class=\"panel-widget-style panel-widget-style-for-8-0-0-0\" ><div\n\t\t\t\n\t\t\tclass=\"so-widget-sow-editor so-widget-sow-editor-base\"\n\t\t\t\n\t\t>\n<div class=\"siteorigin-widget-tinymce textwidget\">\n\t<blockquote>\n<p>Vietnam Centre (VMC) l\u00e0 m\u1ed9t t\u1ed5 ch\u1ee9c phi ch\u00ednh ph\u1ee7, phi l\u1ee3i nhu\u1eadn v\u00e0 \u0111\u1ed9c l\u1eadp v\u1edbi s\u1ee9 m\u1ec7nh qu\u1ea3ng b\u00e1 h\u00ecnh \u1ea3nh v\u00e0 v\u0103n h\u00f3a Vi\u1ec7t Nam t\u1edbi th\u1ebf gi\u1edbi.<\/p>\n<\/blockquote>\n<\/div>\n<\/div><\/div><\/div><div id=\"panel-8-0-0-1\" class=\"so-panel widget widget_themegrill_flash_heading tg-widget section-title-wrapper\" data-index=\"1\" >\t<h3 class=\"section-title\">S\u1ee8 M\u1ec6NH<\/h3>\n<\/div><div id=\"panel-8-0-0-2\" class=\"so-panel widget widget_sow-editor\" data-index=\"2\" ><div\n\t\t\t\n\t\t\tclass=\"so-widget-sow-editor so-widget-sow-editor-base\"\n\t\t\t\n\t\t>\n<div class=\"siteorigin-widget-tinymce textwidget\">\n\t<p>Our mission is to promote the beautiful and vibrant culture of Vietnam to the world.<\/p>\n<\/div>\n<\/div><\/div><div id=\"panel-8-0-0-3\" class=\"so-panel widget widget_sow-features panel-last-child\" data-index=\"3\" ><div\n\t\t\t\n\t\t\tclass=\"so-widget-sow-features so-widget-sow-features-default-ae423e2486dc-8\"\n\t\t\t\n\t\t><ul\n\tclass=\"sow-features-list\tsow-features-responsive\">\n\n\t\t\t<li\n\t\t\tclass=\"sow-features-feature sow-icon-container-position-top\"\n\t\t\tstyle=\"display: flex; flex-direction: column; width: calc(50% - 25px);\"\n\t\t>\n\t\t\t\n\t\t\t\t\t\t<div\t\t\t\tclass=\"sow-icon-container sow-container-round\"\n\t\t\t\tstyle=\"color: #a02c21; \"\n\t\t\t\t\n\t\t\t\t\t\t\t>\n\t\t\t\t<span class=\"sow-icon-elegantline\" data-sow-icon=\"&#xe045;\"\n\t\tstyle=\"font-size: 20px; color: #ffffff\" \n\t\taria-hidden=\"true\"><\/span>\t\t\t<\/div>\n\n\t\t\t<div class=\"textwidget\">\n\t\t\t\t\n\t\t\t\t\n\t\t\t\t\t\t\t\t\t<div class=\"sow-features-feature-text\">\n\t\t\t\t\t<p>Qu\u1ea3ng b\u00e1 v\u0103n h\u00f3a truy\u1ec1n th\u1ed1ng l\u1eabn \u0111\u01b0\u01a1ng \u0111\u1ea1i c\u1ee7a Vi\u1ec7t Nam ra th\u1ebf gi\u1edbi tr\u00ean nhi\u1ec1u kh\u00eda c\u1ea1nh v\u00e0 b\u1eb1ng nhi\u1ec1u ph\u01b0\u01a1ng ti\u1ec7n.<\/p>\n\t\t\t\t\t<\/div>\n\t\t\t\t\t\t\t\t<\/div>\n\t\t\t\t\t\t\t\t<\/li>\n\n\t\t\t<li\n\t\t\tclass=\"sow-features-feature sow-icon-container-position-top\"\n\t\t\tstyle=\"display: flex; flex-direction: column; width: calc(50% - 25px);\"\n\t\t>\n\t\t\t\n\t\t\t\t\t\t<div\t\t\t\tclass=\"sow-icon-container sow-container-round\"\n\t\t\t\tstyle=\"color: #a02c21; \"\n\t\t\t\t\n\t\t\t\t\t\t\t>\n\t\t\t\t<span class=\"sow-icon-elegantline\" data-sow-icon=\"&#xe046;\"\n\t\tstyle=\"font-size: 20px; color: #ffffff\" \n\t\taria-hidden=\"true\"><\/span>\t\t\t<\/div>\n\n\t\t\t<div class=\"textwidget\">\n\t\t\t\t\n\t\t\t\t\n\t\t\t\t\t\t\t\t\t<div class=\"sow-features-feature-text\">\n\t\t\t\t\t<p>\u0110\u00f3ng vai tr\u00f2 k\u1ebft n\u1ed1i c\u00e1c t\u1ed5 ch\u1ee9c v\u00e0 c\u00e1 nh\u00e2n \u0111ang t\u00ecm ki\u1ebfm s\u1ef1 li\u00ean k\u1ebft s\u00e2u \u0111\u1eadm v\u1edbi \u0111\u1ea5t n\u01b0\u1edbc xinh \u0111\u1eb9p n\u00e0y.<\/p>\n\t\t\t\t\t<\/div>\n\t\t\t\t\t\t\t\t<\/div>\n\t\t\t\t\t\t\t\t<\/li>\n\n\t<\/ul>\n<\/div><\/div><\/div><div id=\"pgc-8-0-1\"  class=\"panel-grid-cell\" ><div id=\"panel-8-0-1-0\" class=\"so-panel widget widget_sow-image panel-first-child panel-last-child\" data-index=\"4\" ><div class=\"panel-widget-style panel-widget-style-for-8-0-1-0\" ><div\n\t\t\t\n\t\t\tclass=\"so-widget-sow-image so-widget-sow-image-default-8b5b6f678277-8\"\n\t\t\t\n\t\t>\n<div class=\"sow-image-container\">\n\t\t<img \n\tsrc=\"https:\/\/i0.wp.com\/vietnamcentre.org\/wp-content\/uploads\/2019\/06\/About-Us.png?fit=1240%2C1754&amp;ssl=1\" width=\"1240\" height=\"1754\" srcset=\"https:\/\/i0.wp.com\/vietnamcentre.org\/wp-content\/uploads\/2019\/06\/About-Us.png?w=1240&amp;ssl=1 1240w, https:\/\/i0.wp.com\/vietnamcentre.org\/wp-content\/uploads\/2019\/06\/About-Us.png?resize=212%2C300&amp;ssl=1 212w, https:\/\/i0.wp.com\/vietnamcentre.org\/wp-content\/uploads\/2019\/06\/About-Us.png?resize=768%2C1086&amp;ssl=1 768w, https:\/\/i0.wp.com\/vietnamcentre.org\/wp-content\/uploads\/2019\/06\/About-Us.png?resize=724%2C1024&amp;ssl=1 724w\" title=\"Vietnam Centre About Us  \" alt=\"Vietnam Centre About Us \" \t\tclass=\"so-widget-image\"\/>\n\t<\/div>\n\n<\/div><\/div><\/div><\/div><\/div><\/div><div id=\"pg-8-1\"  class=\"panel-grid panel-has-style\" ><div class=\"siteorigin-panels-stretch panel-row-style panel-row-style-for-8-1\" data-stretch-type=\"full\" ><div id=\"pgc-8-1-0\"  class=\"panel-grid-cell\" ><div id=\"panel-8-1-0-0\" class=\"so-panel widget widget_sow-editor panel-first-child\" data-index=\"5\" ><div\n\t\t\t\n\t\t\tclass=\"so-widget-sow-editor so-widget-sow-editor-base\"\n\t\t\t\n\t\t>\n<div class=\"siteorigin-widget-tinymce textwidget\">\n\t<h2><span style=\"color: #ffffff;\">T\u1ea6M NH\u00ccN<\/span><\/h2>\n<p><span <<\/span><br \/>\n<span style=\"color: #ffffff;\">T\u1ea7m nh\u00ecn c\u1ee7a ch\u00fang t\u00f4i l\u00e0 m\u1ed9t m\u1ea1ng l\u01b0\u1edbi to\u00e0n c\u1ea7u c\u00e1c trung t\u00e2m nh\u1eb1m gi\u1edbi thi\u1ec7u v\u00e0 qu\u1ea3ng b\u00e1 v\u0103n h\u00f3a Vi\u1ec7t Nam tr\u00ean to\u00e0n th\u1ebf gi\u1edbi, \u0111\u1eb7c bi\u1ec7t l\u00e0 t\u1ea1i c\u00e1c khu v\u1ef1c \u0111\u00f4 th\u1ecb \u0111\u00f4ng \u0111\u00fac n\u01a1i m\u00e0 s\u1ef1 \u0111a d\u1ea1ng v\u00e0 dung h\u1ee3p c\u1ee7a c\u00e1c n\u1ec1n v\u0103n h\u00f3a kh\u00e1c nhau t\u1ea1o n\u00ean m\u1ed9t b\u1ee9c tranh \u0111\u1ed9c \u0111\u00e1o v\u1ec1 m\u1ed9t kh\u1ed1i c\u1ea7u lu\u00f4n thay \u0111\u1ed5i. C\u00e1c ho\u1ea1t \u0111\u1ed9ng qu\u1ea3ng b\u00e1 s\u1ebd gi\u00fap n\u1ec1n v\u0103n h\u00f3a Vi\u1ec7t Nam tr\u1edf th\u00e0nh m\u1ed9t ph\u1ea7n sinh \u0111\u1ed9ng v\u00e0 kh\u00f4ng th\u1ec3 t\u00e1ch r\u1eddi gi\u1eefa b\u1ea3n s\u1eafc c\u1ee7a c\u00e1c n\u1ec1n v\u0103n h\u00f3a kh\u00e1c nhau.<\/span><\/p>\n<p><span style=\"color: #ffffff;\">M\u1ea1ng l\u01b0\u1edbi c\u1ee7a ch\u00fang t\u00f4i c\u0169ng l\u00e0 n\u01a1i quy t\u1ee5 c\u00e1c nh\u00e0 nghi\u00ean c\u1ee9u \u0111\u00e1ng tin c\u1eady, c\u00e1c ngh\u1ec7 s\u0129 t\u00e0i n\u0103ng v\u00e0 nh\u1eefng con ng\u01b0\u1eddi t\u1eadn t\u1ee5y \u0111ang \u0111\u00f3ng g\u00f3p v\u00e0o s\u1ef1 ph\u00e1t tri\u1ec3n c\u1ee7a v\u0103n h\u00f3a Vi\u1ec7t. D\u00f9 h\u1ecd \u0111\u1ebfn t\u1eeb \u0111\u00e2u, Vietnam Centre s\u1ebd lu\u00f4n l\u00e0 m\u1ed9t \u0111i\u1ec3m \u0111\u1ebfn m\u00e0 h\u1ecd c\u00f3 th\u1ec3 t\u00ecm th\u1ea5y nh\u1eefng ng\u01b0\u1eddi kh\u00e1c c\u00f3 chung m\u1ed9t ni\u1ec1m \u0111am m\u00ea.<\/span><\/p>\n<p style=\"text-align: center;\"><span style=\"color: #ffffff;\"><strong>_______________________________________<\/strong><\/span><\/p>\n<p><\/span><\/p>\n<\/div>\n<\/div><\/div><div id=\"panel-8-1-0-1\" class=\"so-panel widget widget_siteorigin-panels-builder panel-last-child\" data-index=\"6\" ><div id=\"pl-w5efd933ca289d\"  class=\"panel-layout\" ><div id=\"pg-w5efd933ca289d-0\"  class=\"panel-grid panel-has-style\" ><div class=\"siteorigin-panels-stretch panel-row-style panel-row-style-for-w5efd933ca289d-0\" data-stretch-type=\"full\" ><div id=\"pgc-w5efd933ca289d-0-0\"  class=\"panel-grid-cell\" ><div id=\"panel-w5efd933ca289d-0-0-0\" class=\"so-panel widget widget_themegrill_flash_counter tg-widget tg-single-counter panel-first-child panel-last-child\" data-index=\"0\" ><div class=\"flash_inherit_color panel-widget-style panel-widget-style-for-w5efd933ca289d-0-0-0\" ><div class=\"fun-facts-section\">\n\t<div class=\"tg-fun-facts-widget tg-fun-facts-layout-2\">\n\t\t<div class=\"fun-facts-wrapper\">\n\t\t\t\t\t\t<span class=\"fun-facts-icon-wrap\"><i class=\"fa fa-bank\"><\/i><\/span>\n\t\t\t\t\t\t\t\t\t<span class=\"counter-wrapper\"><span class=\"counter\">3<\/span><i class=\"fa fa-plus\"><\/i><\/span>\n\t\t\t\t\t\t\t\t\t<h3 class=\"fun-facts-title-wrap\">QU\u1ed0C GIA<\/h3>\n\t\t\t\t\t<\/div>\n\t<\/div>\n<\/div>\n<\/div><\/div><\/div><div id=\"pgc-w5efd933ca289d-0-1\"  class=\"panel-grid-cell\" ><div id=\"panel-w5efd933ca289d-0-1-0\" class=\"so-panel widget widget_themegrill_flash_counter tg-widget tg-single-counter panel-first-child panel-last-child\" data-index=\"1\" ><div class=\"flash_inherit_color panel-widget-style panel-widget-style-for-w5efd933ca289d-0-1-0\" ><div class=\"fun-facts-section\">\n\t<div class=\"tg-fun-facts-widget tg-fun-facts-layout-2\">\n\t\t<div class=\"fun-facts-wrapper\">\n\t\t\t\t\t\t<span class=\"fun-facts-icon-wrap\"><i class=\"fa fa-compass\"><\/i><\/span>\n\t\t\t\t\t\t\t\t\t<span class=\"counter-wrapper\"><span class=\"counter\">6<\/span><i class=\"fa fa-plus\"><\/i><\/span>\n\t\t\t\t\t\t\t\t\t<h3 class=\"fun-facts-title-wrap\">TR\u1ee4 S\u1ede<\/h3>\n\t\t\t\t\t<\/div>\n\t<\/div>\n<\/div>\n<\/div><\/div><\/div><div id=\"pgc-w5efd933ca289d-0-2\"  class=\"panel-grid-cell\" ><div id=\"panel-w5efd933ca289d-0-2-0\" class=\"so-panel widget widget_themegrill_flash_counter tg-widget tg-single-counter panel-first-child panel-last-child\" data-index=\"2\" ><div class=\"flash_inherit_color panel-widget-style panel-widget-style-for-w5efd933ca289d-0-2-0\" ><div class=\"fun-facts-section\">\n\t<div class=\"tg-fun-facts-widget tg-fun-facts-layout-2\">\n\t\t<div class=\"fun-facts-wrapper\">\n\t\t\t\t\t\t<span class=\"fun-facts-icon-wrap\"><i class=\"fa fa-globe\"><\/i><\/span>\n\t\t\t\t\t\t\t\t\t<span class=\"counter-wrapper\"><span class=\"counter\">9<\/span><i class=\"fa fa-plus\"><\/i><\/span>\n\t\t\t\t\t\t\t\t\t<h3 class=\"fun-facts-title-wrap\">S\u1ef0 KI\u1ec6N QU\u1ed0C T\u1ebe<\/h3>\n\t\t\t\t\t<\/div>\n\t<\/div>\n<\/div>\n<\/div><\/div><\/div><div id=\"pgc-w5efd933ca289d-0-3\"  class=\"panel-grid-cell\" ><div id=\"panel-w5efd933ca289d-0-3-0\" class=\"so-panel widget widget_themegrill_flash_counter tg-widget tg-single-counter panel-first-child panel-last-child\" data-index=\"3\" ><div class=\"flash_inherit_color panel-widget-style panel-widget-style-for-w5efd933ca289d-0-3-0\" ><div class=\"fun-facts-section\">\n\t<div class=\"tg-fun-facts-widget tg-fun-facts-layout-2\">\n\t\t<div class=\"fun-facts-wrapper\">\n\t\t\t\t\t\t<span class=\"fun-facts-icon-wrap\"><i class=\"fa fa-thumbs-o-up\"><\/i><\/span>\n\t\t\t\t\t\t\t\t\t<span class=\"counter-wrapper\"><span class=\"counter\">28000<\/span><i class=\"fa fa-plus\"><\/i><\/span>\n\t\t\t\t\t\t\t\t\t<h3 class=\"fun-facts-title-wrap\">NG\u01af\u1edcI THEO D\u00d5I<\/h3>\n\t\t\t\t\t<\/div>\n\t<\/div>\n<\/div>\n<\/div><\/div><\/div><\/div><\/div><\/div><\/div><\/div><\/div><\/div><\/div>","protected":false},"excerpt":{"rendered":"<p>Vietnam Centre (VNC) is an independent, non-government and non-profit organization with the mission of promoting the culture and image of [&hellip;]<\/p>","protected":false},"author":2,"featured_media":0,"parent":0,"menu_order":1,"comment_status":"closed","ping_status":"closed","template":"page-templates\/pagebuilder.php","meta":{"jetpack_post_was_ever_published":false,"footnotes":""},"class_list":["post-8","page","type-page","status-publish","hentry"],"yoast_head":"<!-- This site is optimized with the Yoast SEO plugin v27.2 - https:\/\/yoast.com\/product\/yoast-seo-wordpress\/ -->\n<title>About Us | Vietnam Centre - Bring Vietnam To You<\/title>\n<meta name=\"robots\" content=\"index, follow, max-snippet:-1, max-image-preview:large, max-video-preview:-1\" \/>\n<link rel=\"canonical\" href=\"https:\/\/vietnamcentre.org\/vi\/about-us\/\" \/>\n<meta property=\"og:locale\" content=\"vi_VN\" \/>\n<meta property=\"og:type\" content=\"article\" \/>\n<meta property=\"og:title\" content=\"About Us | Vietnam Centre - Bring Vietnam To You\" \/>\n<meta property=\"og:description\" content=\"Vietnam Centre (VNC) is an independent, non-government and non-profit organization with the mission of promoting the culture and image of [&hellip;]\" \/>\n<meta property=\"og:url\" content=\"https:\/\/vietnamcentre.org\/vi\/about-us\/\" \/>\n<meta property=\"og:site_name\" content=\"Vietnam Centre\" \/>\n<meta property=\"article:publisher\" content=\"https:\/\/facebook.com\/vietnamcentre\" \/>\n<meta property=\"article:modified_time\" content=\"2021-03-19T03:56:14+00:00\" \/>\n<meta property=\"og:image\" content=\"https:\/\/i0.wp.com\/vietnamcentre.org\/wp-content\/uploads\/2019\/07\/Facebook-Thumbnail.png?fit=1200%2C630&ssl=1\" \/>\n\t<meta property=\"og:image:width\" content=\"1200\" \/>\n\t<meta property=\"og:image:height\" content=\"630\" \/>\n\t<meta property=\"og:image:type\" content=\"image\/png\" \/>\n<meta name=\"twitter:card\" content=\"summary_large_image\" \/>\n<meta name=\"twitter:site\" content=\"@vietnam_centre\" \/>\n<script type=\"application\/ld+json\" class=\"yoast-schema-graph\">{\"@context\":\"https:\/\/schema.org\",\"@graph\":[{\"@type\":\"WebPage\",\"@id\":\"https:\/\/vietnamcentre.org\/en\/about-us\/\",\"url\":\"https:\/\/vietnamcentre.org\/en\/about-us\/\",\"name\":\"About Us | Vietnam Centre - Bring Vietnam To You\",\"isPartOf\":{\"@id\":\"https:\/\/vietnamcentre.org\/en\/#website\"},\"datePublished\":\"2017-01-29T17:39:36+00:00\",\"dateModified\":\"2021-03-19T03:56:14+00:00\",\"breadcrumb\":{\"@id\":\"https:\/\/vietnamcentre.org\/en\/about-us\/#breadcrumb\"},\"inLanguage\":\"vi\",\"potentialAction\":[{\"@type\":\"ReadAction\",\"target\":[\"https:\/\/vietnamcentre.org\/en\/about-us\/\"]}]},{\"@type\":\"BreadcrumbList\",\"@id\":\"https:\/\/vietnamcentre.org\/en\/about-us\/#breadcrumb\",\"itemListElement\":[{\"@type\":\"ListItem\",\"position\":1,\"name\":\"Home\",\"item\":\"https:\/\/vietnamcentre.org\/en\/\"},{\"@type\":\"ListItem\",\"position\":2,\"name\":\"About Us\"}]},{\"@type\":\"WebSite\",\"@id\":\"https:\/\/vietnamcentre.org\/en\/#website\",\"url\":\"https:\/\/vietnamcentre.org\/en\/\",\"name\":\"Vietnam Centre\",\"description\":\"Bring Vietnam To You\",\"publisher\":{\"@id\":\"https:\/\/vietnamcentre.org\/en\/#organization\"},\"potentialAction\":[{\"@type\":\"SearchAction\",\"target\":{\"@type\":\"EntryPoint\",\"urlTemplate\":\"https:\/\/vietnamcentre.org\/en\/?s={search_term_string}\"},\"query-input\":{\"@type\":\"PropertyValueSpecification\",\"valueRequired\":true,\"valueName\":\"search_term_string\"}}],\"inLanguage\":\"vi\"},{\"@type\":\"Organization\",\"@id\":\"https:\/\/vietnamcentre.org\/en\/#organization\",\"name\":\"Vietnam Centre\",\"url\":\"https:\/\/vietnamcentre.org\/en\/\",\"logo\":{\"@type\":\"ImageObject\",\"inLanguage\":\"vi\",\"@id\":\"https:\/\/vietnamcentre.org\/en\/#\/schema\/logo\/image\/\",\"url\":\"https:\/\/i0.wp.com\/vietnamcentre.org\/wp-content\/uploads\/2019\/06\/VNC-Logo-web-1-e1561620774945.png?fit=120%2C106&ssl=1\",\"contentUrl\":\"https:\/\/i0.wp.com\/vietnamcentre.org\/wp-content\/uploads\/2019\/06\/VNC-Logo-web-1-e1561620774945.png?fit=120%2C106&ssl=1\",\"width\":120,\"height\":106,\"caption\":\"Vietnam Centre\"},\"image\":{\"@id\":\"https:\/\/vietnamcentre.org\/en\/#\/schema\/logo\/image\/\"},\"sameAs\":[\"https:\/\/facebook.com\/vietnamcentre\",\"https:\/\/x.com\/vietnam_centre\",\"https:\/\/instagram.com\/vietnam.centre\",\"https:\/\/youtube.com\/c\/vietnamcentre\"]}]}<\/script>\n<!-- \/ Yoast SEO plugin. -->","yoast_head_json":{"title":"About Us | Vietnam Centre - Bring Vietnam To You","robots":{"index":"index","follow":"follow","max-snippet":"max-snippet:-1","max-image-preview":"max-image-preview:large","max-video-preview":"max-video-preview:-1"},"canonical":"https:\/\/vietnamcentre.org\/vi\/about-us\/","og_locale":"vi_VN","og_type":"article","og_title":"About Us | Vietnam Centre - Bring Vietnam To You","og_description":"Vietnam Centre (VNC) is an independent, non-government and non-profit organization with the mission of promoting the culture and image of [&hellip;]","og_url":"https:\/\/vietnamcentre.org\/vi\/about-us\/","og_site_name":"Vietnam Centre","article_publisher":"https:\/\/facebook.com\/vietnamcentre","article_modified_time":"2021-03-19T03:56:14+00:00","og_image":[{"width":1200,"height":630,"url":"https:\/\/i0.wp.com\/vietnamcentre.org\/wp-content\/uploads\/2019\/07\/Facebook-Thumbnail.png?fit=1200%2C630&ssl=1","type":"image\/png"}],"twitter_card":"summary_large_image","twitter_site":"@vietnam_centre","schema":{"@context":"https:\/\/schema.org","@graph":[{"@type":"WebPage","@id":"https:\/\/vietnamcentre.org\/en\/about-us\/","url":"https:\/\/vietnamcentre.org\/en\/about-us\/","name":"About Us | Vietnam Centre - Bring Vietnam To You","isPartOf":{"@id":"https:\/\/vietnamcentre.org\/en\/#website"},"datePublished":"2017-01-29T17:39:36+00:00","dateModified":"2021-03-19T03:56:14+00:00","breadcrumb":{"@id":"https:\/\/vietnamcentre.org\/en\/about-us\/#breadcrumb"},"inLanguage":"vi","potentialAction":[{"@type":"ReadAction","target":["https:\/\/vietnamcentre.org\/en\/about-us\/"]}]},{"@type":"BreadcrumbList","@id":"https:\/\/vietnamcentre.org\/en\/about-us\/#breadcrumb","itemListElement":[{"@type":"ListItem","position":1,"name":"Home","item":"https:\/\/vietnamcentre.org\/en\/"},{"@type":"ListItem","position":2,"name":"About Us"}]},{"@type":"WebSite","@id":"https:\/\/vietnamcentre.org\/en\/#website","url":"https:\/\/vietnamcentre.org\/en\/","name":"Vietnam Centre","description":"Bring Vietnam To You","publisher":{"@id":"https:\/\/vietnamcentre.org\/en\/#organization"},"potentialAction":[{"@type":"SearchAction","target":{"@type":"EntryPoint","urlTemplate":"https:\/\/vietnamcentre.org\/en\/?s={search_term_string}"},"query-input":{"@type":"PropertyValueSpecification","valueRequired":true,"valueName":"search_term_string"}}],"inLanguage":"vi"},{"@type":"Organization","@id":"https:\/\/vietnamcentre.org\/en\/#organization","name":"Vietnam Centre","url":"https:\/\/vietnamcentre.org\/en\/","logo":{"@type":"ImageObject","inLanguage":"vi","@id":"https:\/\/vietnamcentre.org\/en\/#\/schema\/logo\/image\/","url":"https:\/\/i0.wp.com\/vietnamcentre.org\/wp-content\/uploads\/2019\/06\/VNC-Logo-web-1-e1561620774945.png?fit=120%2C106&ssl=1","contentUrl":"https:\/\/i0.wp.com\/vietnamcentre.org\/wp-content\/uploads\/2019\/06\/VNC-Logo-web-1-e1561620774945.png?fit=120%2C106&ssl=1","width":120,"height":106,"caption":"Vietnam Centre"},"image":{"@id":"https:\/\/vietnamcentre.org\/en\/#\/schema\/logo\/image\/"},"sameAs":["https:\/\/facebook.com\/vietnamcentre","https:\/\/x.com\/vietnam_centre","https:\/\/instagram.com\/vietnam.centre","https:\/\/youtube.com\/c\/vietnamcentre"]}]}},"jetpack_sharing_enabled":true,"jetpack-related-posts":[],"jetpack_shortlink":"https:\/\/wp.me\/Pb4TWn-8","_links":{"self":[{"href":"https:\/\/vietnamcentre.org\/vi\/wp-json\/wp\/v2\/pages\/8","targetHints":{"allow":["GET"]}}],"collection":[{"href":"https:\/\/vietnamcentre.org\/vi\/wp-json\/wp\/v2\/pages"}],"about":[{"href":"https:\/\/vietnamcentre.org\/vi\/wp-json\/wp\/v2\/types\/page"}],"author":[{"embeddable":true,"href":"https:\/\/vietnamcentre.org\/vi\/wp-json\/wp\/v2\/users\/2"}],"replies":[{"embeddable":true,"href":"https:\/\/vietnamcentre.org\/vi\/wp-json\/wp\/v2\/comments?post=8"}],"version-history":[{"count":35,"href":"https:\/\/vietnamcentre.org\/vi\/wp-json\/wp\/v2\/pages\/8\/revisions"}],"predecessor-version":[{"id":520,"href":"https:\/\/vietnamcentre.org\/vi\/wp-json\/wp\/v2\/pages\/8\/revisions\/520"}],"wp:attachment":[{"href":"https:\/\/vietnamcentre.org\/vi\/wp-json\/wp\/v2\/media?parent=8"}],"curies":[{"name":"wp","href":"https:\/\/api.w.org\/{rel}","templated":true}]}}